{"id":119,"date":"2020-06-17T12:25:51","date_gmt":"2020-06-17T10:25:51","guid":{"rendered":"http:\/\/www.gitesdesdixvins.com\/?page_id=119"},"modified":"2024-12-31T12:00:20","modified_gmt":"2024-12-31T11:00:20","slug":"disponibilites","status":"publish","type":"page","link":"https:\/\/www.gitesdesdixvins.com\/?page_id=119","title":{"rendered":"Renseignements &#038; R\u00e9servations"},"content":{"rendered":"\n<p>Vous pouvez nous joindre par t\u00e9l\u00e9phone au : \u00a0<\/p>\n\n\n\n<p><strong>07.87.56.58.00 ou au 03.88.83.77.01<\/strong> &nbsp;<\/p>\n\n\n\n<p>Par voie postale \u00e0 l\u2019attention de :<\/p>\n\n\n\n<p>Aur\u00e9lie Boehler Conrard<br>3 rue du village<br>67310 DANGOLSHEIM<br>France<\/p>\n\n\n\n<p>ou nous laisser un email \u00e0 notre adresse : &nbsp; <a rel=\"noreferrer noopener\" href=\"https:\/\/web.archive.org\/web\/20190714182627\/mailto:contact@gitesdesdixvins.com\" target=\"_blank\">contact@gitesdesdixvins.com<\/a><\/p>\n\n\n\n<p>Si vous souhaitez r\u00e9server un moment en particulier, faites le nous savoir afin que nous puissions vous bloquer les dates !<\/p>\n","protected":false},"excerpt":{"rendered":"<p>Vous pouvez nous joindre par t\u00e9l\u00e9phone au : \u00a0 07.87.56.58.00 ou au 03.88.83.77.01 &nbsp; Par voie postale \u00e0 l\u2019attention de : Aur\u00e9lie Boehler Conrard3 rue du village67310 DANGOLSHEIMFrance ou nous laisser un email \u00e0 notre adresse : &nbsp; contact@gitesdesdixvins.com Si vous souhaitez r\u00e9server un moment en particulier, faites le nous savoir afin que nous puissions [&hellip;]<\/p>\n","protected":false},"author":1,"featured_media":0,"parent":0,"menu_order":0,"comment_status":"closed","ping_status":"closed","template":"","meta":{"tteo2020_transparent_header":false,"footnotes":""},"class_list":["post-119","page","type-page","status-publish","hentry"],"_links":{"self":[{"href":"https:\/\/www.gitesdesdixvins.com\/index.php?rest_route=\/wp\/v2\/pages\/119","targetHints":{"allow":["GET"]}}],"collection":[{"href":"https:\/\/www.gitesdesdixvins.com\/index.php?rest_route=\/wp\/v2\/pages"}],"about":[{"href":"https:\/\/www.gitesdesdixvins.com\/index.php?rest_route=\/wp\/v2\/types\/page"}],"author":[{"embeddable":true,"href":"https:\/\/www.gitesdesdixvins.com\/index.php?rest_route=\/wp\/v2\/users\/1"}],"replies":[{"embeddable":true,"href":"https:\/\/www.gitesdesdixvins.com\/index.php?rest_route=%2Fwp%2Fv2%2Fcomments&post=119"}],"version-history":[{"count":12,"href":"https:\/\/www.gitesdesdixvins.com\/index.php?rest_route=\/wp\/v2\/pages\/119\/revisions"}],"predecessor-version":[{"id":316,"href":"https:\/\/www.gitesdesdixvins.com\/index.php?rest_route=\/wp\/v2\/pages\/119\/revisions\/316"}],"wp:attachment":[{"href":"https:\/\/www.gitesdesdixvins.com\/index.php?rest_route=%2Fwp%2Fv2%2Fmedia&parent=119"}],"curies":[{"name":"wp","href":"https:\/\/api.w.org\/{rel}","templated":true}]}}