{"id":42,"date":"2020-06-17T11:34:18","date_gmt":"2020-06-17T09:34:18","guid":{"rendered":"http:\/\/www.gitesdesdixvins.com\/?page_id=42"},"modified":"2022-08-22T15:31:46","modified_gmt":"2022-08-22T13:31:46","slug":"caveau-de-degustation","status":"publish","type":"page","link":"https:\/\/www.gitesdesdixvins.com\/?page_id=42","title":{"rendered":"Caveau de d\u00e9gustation"},"content":{"rendered":"\n<p>Nous avons en projet de r\u00e9aliser un caveau de d\u00e9gustation afin de vous faire d\u00e9couvrir les vins du Domaine Boehler de Molsheim, mais ceci n\u2019est encore qu\u2019un projet! Toutefois si vous le souhaitez, le caveau de l\u2019exploitation est ouvert au 4 place de la libert\u00e9 \u00e0 Molsheim, \u00e0 5mn des g\u00eetes, n\u2019h\u00e9sitez pas \u00e0 les contacter afin de pr\u00e9voir un moment de d\u00e9gustation avec eux. Le num\u00e9ro du domaine est le : 03 88 38 53 16 Le site internet du domaine est accessible <a href=\"https:\/\/web.archive.org\/web\/20190714193149\/https:\/\/domaine-boehler.com\/\">ici<\/a>&nbsp;ainsi que la&nbsp;<a href=\"https:\/\/web.archive.org\/web\/20190714193149\/https:\/\/www.facebook.com\/domaineboehler\/\">page Facebook<\/a> du Domaine Boehler.<\/p>\n\n\n\n<figure class=\"wp-block-gallery has-nested-images columns-default is-cropped wp-block-gallery-1 is-layout-flex wp-block-gallery-is-layout-flex\">\n<figure class=\"wp-block-image size-large\"><img loading=\"lazy\" decoding=\"async\" width=\"289\" height=\"157\" data-id=\"101\" src=\"http:\/\/www.gitesdesdixvins.com\/wp-content\/uploads\/2020\/06\/caveau1.jpg\" alt=\"\" class=\"wp-image-101\"\/><\/figure>\n\n\n\n<figure class=\"wp-block-image size-large\"><img loading=\"lazy\" decoding=\"async\" width=\"399\" height=\"248\" data-id=\"102\" src=\"http:\/\/www.gitesdesdixvins.com\/wp-content\/uploads\/2020\/06\/caveau2.jpg\" alt=\"\" class=\"wp-image-102\" srcset=\"https:\/\/www.gitesdesdixvins.com\/wp-content\/uploads\/2020\/06\/caveau2.jpg 399w, https:\/\/www.gitesdesdixvins.com\/wp-content\/uploads\/2020\/06\/caveau2-300x186.jpg 300w\" sizes=\"auto, (max-width: 399px) 100vw, 399px\" \/><\/figure>\n<\/figure>\n\n\n\n<p><\/p>\n","protected":false},"excerpt":{"rendered":"<p>Nous avons en projet de r\u00e9aliser un caveau de d\u00e9gustation afin de vous faire d\u00e9couvrir les vins du Domaine Boehler de Molsheim, mais ceci n\u2019est encore qu\u2019un projet! Toutefois si vous le souhaitez, le caveau de l\u2019exploitation est ouvert au 4 place de la libert\u00e9 \u00e0 Molsheim, \u00e0 5mn des g\u00eetes, n\u2019h\u00e9sitez pas \u00e0 les [&hellip;]<\/p>\n","protected":false},"author":1,"featured_media":0,"parent":0,"menu_order":0,"comment_status":"closed","ping_status":"closed","template":"","meta":{"tteo2020_transparent_header":false,"footnotes":""},"class_list":["post-42","page","type-page","status-publish","hentry"],"_links":{"self":[{"href":"https:\/\/www.gitesdesdixvins.com\/index.php?rest_route=\/wp\/v2\/pages\/42","targetHints":{"allow":["GET"]}}],"collection":[{"href":"https:\/\/www.gitesdesdixvins.com\/index.php?rest_route=\/wp\/v2\/pages"}],"about":[{"href":"https:\/\/www.gitesdesdixvins.com\/index.php?rest_route=\/wp\/v2\/types\/page"}],"author":[{"embeddable":true,"href":"https:\/\/www.gitesdesdixvins.com\/index.php?rest_route=\/wp\/v2\/users\/1"}],"replies":[{"embeddable":true,"href":"https:\/\/www.gitesdesdixvins.com\/index.php?rest_route=%2Fwp%2Fv2%2Fcomments&post=42"}],"version-history":[{"count":3,"href":"https:\/\/www.gitesdesdixvins.com\/index.php?rest_route=\/wp\/v2\/pages\/42\/revisions"}],"predecessor-version":[{"id":288,"href":"https:\/\/www.gitesdesdixvins.com\/index.php?rest_route=\/wp\/v2\/pages\/42\/revisions\/288"}],"wp:attachment":[{"href":"https:\/\/www.gitesdesdixvins.com\/index.php?rest_route=%2Fwp%2Fv2%2Fmedia&parent=42"}],"curies":[{"name":"wp","href":"https:\/\/api.w.org\/{rel}","templated":true}]}}