{"id":44,"date":"2020-06-17T11:34:18","date_gmt":"2020-06-17T09:34:18","guid":{"rendered":"http:\/\/www.gitesdesdixvins.com\/?page_id=44"},"modified":"2023-04-14T10:44:53","modified_gmt":"2023-04-14T08:44:53","slug":"gite-gewurztraminer","status":"publish","type":"page","link":"https:\/\/www.gitesdesdixvins.com\/?page_id=44","title":{"rendered":"Gite Gewurztraminer"},"content":{"rendered":"\n<p>Afin de vous donner un aper\u00e7u de votre futur lieu de vacances, voici quelques photos et d\u00e9tails de notre premier g\u00eete.<\/p>\n\n\n\n<p>Situ\u00e9 au premier \u00e9tage du&nbsp;b\u00e2timent, l\u2019ambiance est voulue cosy dans ce T2 de 53m\u00b2 pouvant accueillir de 1 \u00e0 4 personnes. Les poutres apparentes et la vue sur le vignoble rendent cet endroit doux et agr\u00e9able.<\/p>\n\n\n\n<figure class=\"wp-block-image size-large\"><img loading=\"lazy\" decoding=\"async\" width=\"1024\" height=\"768\" src=\"https:\/\/www.gitesdesdixvins.com\/wp-content\/uploads\/2023\/04\/4-1024x768.jpg\" alt=\"\" class=\"wp-image-292\" srcset=\"https:\/\/www.gitesdesdixvins.com\/wp-content\/uploads\/2023\/04\/4-1024x768.jpg 1024w, https:\/\/www.gitesdesdixvins.com\/wp-content\/uploads\/2023\/04\/4-300x225.jpg 300w, https:\/\/www.gitesdesdixvins.com\/wp-content\/uploads\/2023\/04\/4-768x576.jpg 768w, https:\/\/www.gitesdesdixvins.com\/wp-content\/uploads\/2023\/04\/4-1200x900.jpg 1200w, https:\/\/www.gitesdesdixvins.com\/wp-content\/uploads\/2023\/04\/4.jpg 1280w\" sizes=\"auto, (max-width: 1024px) 100vw, 1024px\" \/><\/figure>\n\n\n\n<p>&nbsp;Vous y trouverez une cuisine \u00e9quip\u00e9e d\u2019un&nbsp;r\u00e9frig\u00e9rateur, de plaques vitro-c\u00e9ramique, lave vaisselle, four, four \u00e0 micro-ondes, robot culinaire, grille pain, bouilloire et cafeti\u00e8re \u00e0 Sens\u00e9o. Envie d\u2019un barbecue ou d\u2019une raclette? Nous vous fournirons le n\u00e9cessaire!<\/p>\n\n\n\n<figure class=\"wp-block-image size-large\"><img loading=\"lazy\" decoding=\"async\" width=\"1024\" height=\"768\" src=\"https:\/\/www.gitesdesdixvins.com\/wp-content\/uploads\/2023\/04\/7-1024x768.jpg\" alt=\"\" class=\"wp-image-294\" srcset=\"https:\/\/www.gitesdesdixvins.com\/wp-content\/uploads\/2023\/04\/7-1024x768.jpg 1024w, https:\/\/www.gitesdesdixvins.com\/wp-content\/uploads\/2023\/04\/7-300x225.jpg 300w, https:\/\/www.gitesdesdixvins.com\/wp-content\/uploads\/2023\/04\/7-768x576.jpg 768w, https:\/\/www.gitesdesdixvins.com\/wp-content\/uploads\/2023\/04\/7-1200x900.jpg 1200w, https:\/\/www.gitesdesdixvins.com\/wp-content\/uploads\/2023\/04\/7.jpg 1280w\" sizes=\"auto, (max-width: 1024px) 100vw, 1024px\" \/><\/figure>\n\n\n\n<figure class=\"wp-block-image size-large\"><img loading=\"lazy\" decoding=\"async\" width=\"1024\" height=\"768\" src=\"https:\/\/www.gitesdesdixvins.com\/wp-content\/uploads\/2023\/04\/2-1024x768.jpg\" alt=\"\" class=\"wp-image-295\" srcset=\"https:\/\/www.gitesdesdixvins.com\/wp-content\/uploads\/2023\/04\/2-1024x768.jpg 1024w, https:\/\/www.gitesdesdixvins.com\/wp-content\/uploads\/2023\/04\/2-300x225.jpg 300w, https:\/\/www.gitesdesdixvins.com\/wp-content\/uploads\/2023\/04\/2-768x576.jpg 768w, https:\/\/www.gitesdesdixvins.com\/wp-content\/uploads\/2023\/04\/2-1200x900.jpg 1200w, https:\/\/www.gitesdesdixvins.com\/wp-content\/uploads\/2023\/04\/2.jpg 1280w\" sizes=\"auto, (max-width: 1024px) 100vw, 1024px\" \/><\/figure>\n\n\n\n<p>&nbsp;Une vaste chambre \u00e0 la vue agr\u00e9able vous permettra de vous d\u00e9lasser dans un grand lit de 160cm par 200cm.<\/p>\n\n\n\n<figure class=\"wp-block-gallery has-nested-images columns-default is-cropped wp-block-gallery-1 is-layout-flex wp-block-gallery-is-layout-flex\">\n<figure class=\"wp-block-image size-large\"><img loading=\"lazy\" decoding=\"async\" width=\"1024\" height=\"768\" data-id=\"296\" src=\"https:\/\/www.gitesdesdixvins.com\/wp-content\/uploads\/2023\/04\/3-1024x768.jpg\" alt=\"\" class=\"wp-image-296\" srcset=\"https:\/\/www.gitesdesdixvins.com\/wp-content\/uploads\/2023\/04\/3-1024x768.jpg 1024w, https:\/\/www.gitesdesdixvins.com\/wp-content\/uploads\/2023\/04\/3-300x225.jpg 300w, https:\/\/www.gitesdesdixvins.com\/wp-content\/uploads\/2023\/04\/3-768x576.jpg 768w, https:\/\/www.gitesdesdixvins.com\/wp-content\/uploads\/2023\/04\/3-1200x900.jpg 1200w, https:\/\/www.gitesdesdixvins.com\/wp-content\/uploads\/2023\/04\/3.jpg 1280w\" sizes=\"auto, (max-width: 1024px) 100vw, 1024px\" \/><\/figure>\n\n\n\n<figure class=\"wp-block-image size-large\"><img loading=\"lazy\" decoding=\"async\" width=\"318\" height=\"212\" data-id=\"65\" src=\"https:\/\/www.gitesdesdixvins.com\/wp-content\/uploads\/2020\/06\/Gewurzt-chambre-2.jpg\" alt=\"\" class=\"wp-image-65\" srcset=\"https:\/\/www.gitesdesdixvins.com\/wp-content\/uploads\/2020\/06\/Gewurzt-chambre-2.jpg 318w, https:\/\/www.gitesdesdixvins.com\/wp-content\/uploads\/2020\/06\/Gewurzt-chambre-2-300x200.jpg 300w\" sizes=\"auto, (max-width: 318px) 100vw, 318px\" \/><\/figure>\n\n\n\n<figure class=\"wp-block-image size-large\"><img loading=\"lazy\" decoding=\"async\" width=\"320\" height=\"213\" data-id=\"66\" src=\"https:\/\/www.gitesdesdixvins.com\/wp-content\/uploads\/2020\/06\/Gewurzt-chambre-3.jpg\" alt=\"\" class=\"wp-image-66\" srcset=\"https:\/\/www.gitesdesdixvins.com\/wp-content\/uploads\/2020\/06\/Gewurzt-chambre-3.jpg 320w, https:\/\/www.gitesdesdixvins.com\/wp-content\/uploads\/2020\/06\/Gewurzt-chambre-3-300x200.jpg 300w\" sizes=\"auto, (max-width: 320px) 100vw, 320px\" \/><\/figure>\n<\/figure>\n\n\n\n<p>&nbsp;Le salon accueille un canap\u00e9 convertible de 140cm par 190cm, une t\u00e9l\u00e9vision et une chaine hi-fi, lecteur DVD \u2013 carte SD \u2013 USB<\/p>\n\n\n\n<figure class=\"wp-block-gallery has-nested-images columns-default is-cropped wp-block-gallery-2 is-layout-flex wp-block-gallery-is-layout-flex\">\n<figure class=\"wp-block-image size-large\"><img loading=\"lazy\" decoding=\"async\" width=\"1024\" height=\"768\" data-id=\"297\" src=\"https:\/\/www.gitesdesdixvins.com\/wp-content\/uploads\/2023\/04\/5-1024x768.jpg\" alt=\"\" class=\"wp-image-297\" srcset=\"https:\/\/www.gitesdesdixvins.com\/wp-content\/uploads\/2023\/04\/5-1024x768.jpg 1024w, https:\/\/www.gitesdesdixvins.com\/wp-content\/uploads\/2023\/04\/5-300x225.jpg 300w, https:\/\/www.gitesdesdixvins.com\/wp-content\/uploads\/2023\/04\/5-768x576.jpg 768w, https:\/\/www.gitesdesdixvins.com\/wp-content\/uploads\/2023\/04\/5-1200x900.jpg 1200w, https:\/\/www.gitesdesdixvins.com\/wp-content\/uploads\/2023\/04\/5.jpg 1280w\" sizes=\"auto, (max-width: 1024px) 100vw, 1024px\" \/><\/figure>\n\n\n\n<figure class=\"wp-block-image size-large\"><img loading=\"lazy\" decoding=\"async\" width=\"1024\" height=\"768\" data-id=\"298\" src=\"https:\/\/www.gitesdesdixvins.com\/wp-content\/uploads\/2023\/04\/6-1024x768.jpg\" alt=\"\" class=\"wp-image-298\" srcset=\"https:\/\/www.gitesdesdixvins.com\/wp-content\/uploads\/2023\/04\/6-1024x768.jpg 1024w, https:\/\/www.gitesdesdixvins.com\/wp-content\/uploads\/2023\/04\/6-300x225.jpg 300w, https:\/\/www.gitesdesdixvins.com\/wp-content\/uploads\/2023\/04\/6-768x576.jpg 768w, https:\/\/www.gitesdesdixvins.com\/wp-content\/uploads\/2023\/04\/6-1200x900.jpg 1200w, https:\/\/www.gitesdesdixvins.com\/wp-content\/uploads\/2023\/04\/6.jpg 1280w\" sizes=\"auto, (max-width: 1024px) 100vw, 1024px\" \/><\/figure>\n<\/figure>\n\n\n\n<p>La salle de bain est \u00e9quip\u00e9e d\u2019une douche ainsi que d\u2019une baignoire. Une surface assez large \u00e0 cot\u00e9 du lavabo vous permettra de langer votre enfant (si n\u00e9cessaire!)<\/p>\n\n\n\n<figure class=\"wp-block-gallery has-nested-images columns-default is-cropped wp-block-gallery-3 is-layout-flex wp-block-gallery-is-layout-flex\">\n<figure class=\"wp-block-image size-large\"><img loading=\"lazy\" decoding=\"async\" width=\"768\" height=\"1024\" data-id=\"191\" src=\"https:\/\/www.gitesdesdixvins.com\/wp-content\/uploads\/2020\/06\/sdb2-768x1024.jpg\" alt=\"\" class=\"wp-image-191\" srcset=\"https:\/\/www.gitesdesdixvins.com\/wp-content\/uploads\/2020\/06\/sdb2-768x1024.jpg 768w, https:\/\/www.gitesdesdixvins.com\/wp-content\/uploads\/2020\/06\/sdb2-225x300.jpg 225w, https:\/\/www.gitesdesdixvins.com\/wp-content\/uploads\/2020\/06\/sdb2.jpg 960w\" sizes=\"auto, (max-width: 768px) 100vw, 768px\" \/><\/figure>\n\n\n\n<figure class=\"wp-block-image size-large\"><img loading=\"lazy\" decoding=\"async\" width=\"768\" height=\"1024\" data-id=\"190\" src=\"https:\/\/www.gitesdesdixvins.com\/wp-content\/uploads\/2020\/06\/sdb1-768x1024.jpg\" alt=\"\" class=\"wp-image-190\" srcset=\"https:\/\/www.gitesdesdixvins.com\/wp-content\/uploads\/2020\/06\/sdb1-768x1024.jpg 768w, https:\/\/www.gitesdesdixvins.com\/wp-content\/uploads\/2020\/06\/sdb1-225x300.jpg 225w, https:\/\/www.gitesdesdixvins.com\/wp-content\/uploads\/2020\/06\/sdb1.jpg 960w\" sizes=\"auto, (max-width: 768px) 100vw, 768px\" \/><\/figure>\n<\/figure>\n\n\n\n<p>Nous mettons \u00e0 votre disposition si vous le souhaitez un lit parapluie ainsi qu\u2019une poussette canne et un&nbsp;rehausseur&nbsp;pour permettre \u00e0 votre enfant de manger \u00e0 vos cot\u00e9s. &nbsp; <\/p>\n\n\n\n<p>Nos g\u00eetes sont non-fumeur.<\/p>\n","protected":false},"excerpt":{"rendered":"<p>Afin de vous donner un aper\u00e7u de votre futur lieu de vacances, voici quelques photos et d\u00e9tails de notre premier g\u00eete. Situ\u00e9 au premier \u00e9tage du&nbsp;b\u00e2timent, l\u2019ambiance est voulue cosy dans ce T2 de 53m\u00b2 pouvant accueillir de 1 \u00e0 4 personnes. Les poutres apparentes et la vue sur le vignoble rendent cet endroit doux [&hellip;]<\/p>\n","protected":false},"author":1,"featured_media":0,"parent":0,"menu_order":0,"comment_status":"closed","ping_status":"closed","template":"","meta":{"tteo2020_transparent_header":false,"footnotes":""},"class_list":["post-44","page","type-page","status-publish","hentry"],"_links":{"self":[{"href":"https:\/\/www.gitesdesdixvins.com\/index.php?rest_route=\/wp\/v2\/pages\/44","targetHints":{"allow":["GET"]}}],"collection":[{"href":"https:\/\/www.gitesdesdixvins.com\/index.php?rest_route=\/wp\/v2\/pages"}],"about":[{"href":"https:\/\/www.gitesdesdixvins.com\/index.php?rest_route=\/wp\/v2\/types\/page"}],"author":[{"embeddable":true,"href":"https:\/\/www.gitesdesdixvins.com\/index.php?rest_route=\/wp\/v2\/users\/1"}],"replies":[{"embeddable":true,"href":"https:\/\/www.gitesdesdixvins.com\/index.php?rest_route=%2Fwp%2Fv2%2Fcomments&post=44"}],"version-history":[{"count":7,"href":"https:\/\/www.gitesdesdixvins.com\/index.php?rest_route=\/wp\/v2\/pages\/44\/revisions"}],"predecessor-version":[{"id":299,"href":"https:\/\/www.gitesdesdixvins.com\/index.php?rest_route=\/wp\/v2\/pages\/44\/revisions\/299"}],"wp:attachment":[{"href":"https:\/\/www.gitesdesdixvins.com\/index.php?rest_route=%2Fwp%2Fv2%2Fmedia&parent=44"}],"curies":[{"name":"wp","href":"https:\/\/api.w.org\/{rel}","templated":true}]}}