{"id":45,"date":"2020-06-17T11:34:18","date_gmt":"2020-06-17T09:34:18","guid":{"rendered":"http:\/\/www.gitesdesdixvins.com\/?page_id=45"},"modified":"2022-08-22T15:30:58","modified_gmt":"2022-08-22T13:30:58","slug":"gite-riesling","status":"publish","type":"page","link":"https:\/\/www.gitesdesdixvins.com\/?page_id=45","title":{"rendered":"Gite Riesling"},"content":{"rendered":"\n<p>Afin de vous donner un aper\u00e7u de votre futur lieu de vacances, voici quelques photos et d\u00e9tails de notre second g\u00eete.<\/p>\n\n\n\n<p>Situ\u00e9 au 2i\u00e8me \u00e9tage du&nbsp;b\u00e2timent, l\u2019ambiance est voulue vive dans ce T2 de 40m\u00b2 pouvant accueillir de 1 \u00e0 4 personnes. La vue sur le vignoble y est encore plus d\u00e9gag\u00e9e et l\u2019ensemble est tr\u00e8s lumineux.<\/p>\n\n\n\n<figure class=\"wp-block-image size-large\"><img loading=\"lazy\" decoding=\"async\" width=\"982\" height=\"768\" src=\"https:\/\/www.gitesdesdixvins.com\/wp-content\/uploads\/2020\/06\/Panoramique-entr\u00e9e.jpg\" alt=\"\" class=\"wp-image-71\" srcset=\"https:\/\/www.gitesdesdixvins.com\/wp-content\/uploads\/2020\/06\/Panoramique-entr\u00e9e.jpg 982w, https:\/\/www.gitesdesdixvins.com\/wp-content\/uploads\/2020\/06\/Panoramique-entr\u00e9e-300x235.jpg 300w, https:\/\/www.gitesdesdixvins.com\/wp-content\/uploads\/2020\/06\/Panoramique-entr\u00e9e-768x601.jpg 768w\" sizes=\"auto, (max-width: 982px) 100vw, 982px\" \/><\/figure>\n\n\n\n<p>Vous y trouverez une cuisine \u00e9quip\u00e9e d\u2019un&nbsp;r\u00e9frig\u00e9rateur, de plaques vitro-c\u00e9ramique, lave vaisselle, four, four \u00e0 micro-ondes, robot culinaire, grille pain, bouilloire et cafeti\u00e8re Sens\u00e9o. Envie d\u2019un barbecue ou d\u2019une raclette? Nous vous fournirons le n\u00e9cessaire!<\/p>\n\n\n\n<figure class=\"wp-block-gallery has-nested-images columns-default is-cropped wp-block-gallery-1 is-layout-flex wp-block-gallery-is-layout-flex\"><\/figure>\n\n\n\n<figure class=\"wp-block-gallery has-nested-images columns-default is-cropped wp-block-gallery-2 is-layout-flex wp-block-gallery-is-layout-flex\">\n<figure class=\"wp-block-image size-large\"><img loading=\"lazy\" decoding=\"async\" width=\"200\" height=\"300\" data-id=\"74\" src=\"http:\/\/www.gitesdesdixvins.com\/wp-content\/uploads\/2020\/06\/IMG_0303-200x300-1.jpg\" alt=\"\" class=\"wp-image-74\"\/><\/figure>\n\n\n\n<figure class=\"wp-block-image size-large\"><img loading=\"lazy\" decoding=\"async\" width=\"399\" height=\"266\" data-id=\"75\" src=\"http:\/\/www.gitesdesdixvins.com\/wp-content\/uploads\/2020\/06\/IMG_0301.jpg\" alt=\"\" class=\"wp-image-75\" srcset=\"https:\/\/www.gitesdesdixvins.com\/wp-content\/uploads\/2020\/06\/IMG_0301.jpg 399w, https:\/\/www.gitesdesdixvins.com\/wp-content\/uploads\/2020\/06\/IMG_0301-300x200.jpg 300w\" sizes=\"auto, (max-width: 399px) 100vw, 399px\" \/><\/figure>\n<\/figure>\n\n\n\n<p>Une chambre \u00e0 la vue agr\u00e9able vous permettra de vous d\u00e9lasser dans un grand lit de 160cm par 200cm.<\/p>\n\n\n\n<figure class=\"wp-block-gallery has-nested-images columns-default is-cropped wp-block-gallery-3 is-layout-flex wp-block-gallery-is-layout-flex\"><\/figure>\n\n\n\n<figure class=\"wp-block-gallery has-nested-images columns-default is-cropped wp-block-gallery-4 is-layout-flex wp-block-gallery-is-layout-flex\">\n<figure class=\"wp-block-image size-large\"><img loading=\"lazy\" decoding=\"async\" width=\"266\" height=\"220\" data-id=\"79\" src=\"http:\/\/www.gitesdesdixvins.com\/wp-content\/uploads\/2020\/06\/IMG_0313-266x220-1.jpg\" alt=\"\" class=\"wp-image-79\"\/><\/figure>\n\n\n\n<figure class=\"wp-block-image size-large\"><img loading=\"lazy\" decoding=\"async\" width=\"399\" height=\"266\" data-id=\"77\" src=\"http:\/\/www.gitesdesdixvins.com\/wp-content\/uploads\/2020\/06\/IMG_0312.jpg\" alt=\"\" class=\"wp-image-77\" srcset=\"https:\/\/www.gitesdesdixvins.com\/wp-content\/uploads\/2020\/06\/IMG_0312.jpg 399w, https:\/\/www.gitesdesdixvins.com\/wp-content\/uploads\/2020\/06\/IMG_0312-300x200.jpg 300w\" sizes=\"auto, (max-width: 399px) 100vw, 399px\" \/><\/figure>\n<\/figure>\n\n\n\n<p>Le salon accueille un canap\u00e9 convertible de 140cm par 190cm, une t\u00e9l\u00e9vision et une chaine hi-fi, lecteur DVD \u2013 carte SD \u2013 USB<\/p>\n\n\n\n<figure class=\"wp-block-gallery has-nested-images columns-default is-cropped wp-block-gallery-5 is-layout-flex wp-block-gallery-is-layout-flex\">\n<figure class=\"wp-block-image size-large\"><img loading=\"lazy\" decoding=\"async\" width=\"266\" height=\"399\" data-id=\"83\" src=\"https:\/\/www.gitesdesdixvins.com\/wp-content\/uploads\/2020\/06\/IMG_0298.jpg\" alt=\"\" class=\"wp-image-83\" srcset=\"https:\/\/www.gitesdesdixvins.com\/wp-content\/uploads\/2020\/06\/IMG_0298.jpg 266w, https:\/\/www.gitesdesdixvins.com\/wp-content\/uploads\/2020\/06\/IMG_0298-200x300.jpg 200w\" sizes=\"auto, (max-width: 266px) 100vw, 266px\" \/><\/figure>\n\n\n\n<figure class=\"wp-block-image size-large\"><img loading=\"lazy\" decoding=\"async\" width=\"258\" height=\"400\" data-id=\"84\" src=\"https:\/\/www.gitesdesdixvins.com\/wp-content\/uploads\/2020\/06\/IMG_0316.jpg\" alt=\"\" class=\"wp-image-84\" srcset=\"https:\/\/www.gitesdesdixvins.com\/wp-content\/uploads\/2020\/06\/IMG_0316.jpg 258w, https:\/\/www.gitesdesdixvins.com\/wp-content\/uploads\/2020\/06\/IMG_0316-194x300.jpg 194w\" sizes=\"auto, (max-width: 258px) 100vw, 258px\" \/><\/figure>\n<figcaption class=\"blocks-gallery-caption\">La salle de bain est \u00e9quip\u00e9e d\u2019une douche. Une surface assez large \u00e0 cot\u00e9 du lavabo vous permettra de langer votre enfant (si n\u00e9cessaire!)<\/figcaption><\/figure>\n\n\n\n<figure class=\"wp-block-gallery has-nested-images columns-default is-cropped wp-block-gallery-6 is-layout-flex wp-block-gallery-is-layout-flex\">\n<figure class=\"wp-block-image size-large\"><img loading=\"lazy\" decoding=\"async\" width=\"266\" height=\"399\" data-id=\"85\" src=\"https:\/\/www.gitesdesdixvins.com\/wp-content\/uploads\/2020\/06\/IMG_0305.jpg\" alt=\"\" class=\"wp-image-85\" srcset=\"https:\/\/www.gitesdesdixvins.com\/wp-content\/uploads\/2020\/06\/IMG_0305.jpg 266w, https:\/\/www.gitesdesdixvins.com\/wp-content\/uploads\/2020\/06\/IMG_0305-200x300.jpg 200w\" sizes=\"auto, (max-width: 266px) 100vw, 266px\" \/><\/figure>\n\n\n\n<figure class=\"wp-block-image size-large\"><img loading=\"lazy\" decoding=\"async\" width=\"266\" height=\"399\" data-id=\"87\" src=\"https:\/\/www.gitesdesdixvins.com\/wp-content\/uploads\/2020\/06\/IMG_0306-1.jpg\" alt=\"\" class=\"wp-image-87\" srcset=\"https:\/\/www.gitesdesdixvins.com\/wp-content\/uploads\/2020\/06\/IMG_0306-1.jpg 266w, https:\/\/www.gitesdesdixvins.com\/wp-content\/uploads\/2020\/06\/IMG_0306-1-200x300.jpg 200w\" sizes=\"auto, (max-width: 266px) 100vw, 266px\" \/><\/figure>\n<\/figure>\n\n\n\n<p>Nous mettons \u00e0 votre disposition si vous le souhaitez un lit parapluie ainsi qu\u2019une poussette canne et un&nbsp;rehausseur&nbsp;pour permettre \u00e0 votre enfant de manger \u00e0 vos cot\u00e9s. <\/p>\n\n\n\n<p>Nos g\u00eetes sont non-fumeur<\/p>\n","protected":false},"excerpt":{"rendered":"<p>Afin de vous donner un aper\u00e7u de votre futur lieu de vacances, voici quelques photos et d\u00e9tails de notre second g\u00eete. Situ\u00e9 au 2i\u00e8me \u00e9tage du&nbsp;b\u00e2timent, l\u2019ambiance est voulue vive dans ce T2 de 40m\u00b2 pouvant accueillir de 1 \u00e0 4 personnes. La vue sur le vignoble y est encore plus d\u00e9gag\u00e9e et l\u2019ensemble est [&hellip;]<\/p>\n","protected":false},"author":1,"featured_media":0,"parent":0,"menu_order":0,"comment_status":"closed","ping_status":"closed","template":"","meta":{"tteo2020_transparent_header":false,"footnotes":""},"class_list":["post-45","page","type-page","status-publish","hentry"],"_links":{"self":[{"href":"https:\/\/www.gitesdesdixvins.com\/index.php?rest_route=\/wp\/v2\/pages\/45","targetHints":{"allow":["GET"]}}],"collection":[{"href":"https:\/\/www.gitesdesdixvins.com\/index.php?rest_route=\/wp\/v2\/pages"}],"about":[{"href":"https:\/\/www.gitesdesdixvins.com\/index.php?rest_route=\/wp\/v2\/types\/page"}],"author":[{"embeddable":true,"href":"https:\/\/www.gitesdesdixvins.com\/index.php?rest_route=\/wp\/v2\/users\/1"}],"replies":[{"embeddable":true,"href":"https:\/\/www.gitesdesdixvins.com\/index.php?rest_route=%2Fwp%2Fv2%2Fcomments&post=45"}],"version-history":[{"count":3,"href":"https:\/\/www.gitesdesdixvins.com\/index.php?rest_route=\/wp\/v2\/pages\/45\/revisions"}],"predecessor-version":[{"id":286,"href":"https:\/\/www.gitesdesdixvins.com\/index.php?rest_route=\/wp\/v2\/pages\/45\/revisions\/286"}],"wp:attachment":[{"href":"https:\/\/www.gitesdesdixvins.com\/index.php?rest_route=%2Fwp%2Fv2%2Fmedia&parent=45"}],"curies":[{"name":"wp","href":"https:\/\/api.w.org\/{rel}","templated":true}]}}