{"id":8,"date":"2020-06-17T11:12:39","date_gmt":"2020-06-17T09:12:39","guid":{"rendered":"http:\/\/www.gitesdesdixvins.com\/?page_id=8"},"modified":"2024-12-31T11:56:16","modified_gmt":"2024-12-31T10:56:16","slug":"contact","status":"publish","type":"page","link":"https:\/\/www.gitesdesdixvins.com\/?page_id=8","title":{"rendered":"Contact"},"content":{"rendered":"\n<p>Vous pouvez nous joindre par t\u00e9l\u00e9phone au : &nbsp; <\/p>\n\n\n\n<p><strong>07.87.56.58.00 ou au 03.88.83.77.01<\/strong> &nbsp; <\/p>\n\n\n\n<p>Par voie postale \u00e0 l\u2019attention de : <\/p>\n\n\n\n<p>Aur\u00e9lie Boehler Conrard <br>3 rue du village <br>67310 DANGOLSHEIM <br>France<\/p>\n\n\n\n<p>ou nous laisser un email \u00e0 notre adresse : &nbsp; <a rel=\"noreferrer noopener\" href=\"https:\/\/web.archive.org\/web\/20190714182627\/mailto:contact@gitesdesdixvins.com\" target=\"_blank\">contact@gitesdesdixvins.com<\/a><\/p>\n\n\n\n<p><\/p>\n","protected":false},"excerpt":{"rendered":"<p>Vous pouvez nous joindre par t\u00e9l\u00e9phone au : &nbsp; 07.87.56.58.00 ou au 03.88.83.77.01 &nbsp; Par voie postale \u00e0 l\u2019attention de : Aur\u00e9lie Boehler Conrard 3 rue du village 67310 DANGOLSHEIM France ou nous laisser un email \u00e0 notre adresse : &nbsp; contact@gitesdesdixvins.com<\/p>\n","protected":false},"author":1,"featured_media":0,"parent":0,"menu_order":0,"comment_status":"closed","ping_status":"closed","template":"","meta":{"tteo2020_transparent_header":false,"footnotes":""},"class_list":["post-8","page","type-page","status-publish","hentry"],"_links":{"self":[{"href":"https:\/\/www.gitesdesdixvins.com\/index.php?rest_route=\/wp\/v2\/pages\/8","targetHints":{"allow":["GET"]}}],"collection":[{"href":"https:\/\/www.gitesdesdixvins.com\/index.php?rest_route=\/wp\/v2\/pages"}],"about":[{"href":"https:\/\/www.gitesdesdixvins.com\/index.php?rest_route=\/wp\/v2\/types\/page"}],"author":[{"embeddable":true,"href":"https:\/\/www.gitesdesdixvins.com\/index.php?rest_route=\/wp\/v2\/users\/1"}],"replies":[{"embeddable":true,"href":"https:\/\/www.gitesdesdixvins.com\/index.php?rest_route=%2Fwp%2Fv2%2Fcomments&post=8"}],"version-history":[{"count":4,"href":"https:\/\/www.gitesdesdixvins.com\/index.php?rest_route=\/wp\/v2\/pages\/8\/revisions"}],"predecessor-version":[{"id":314,"href":"https:\/\/www.gitesdesdixvins.com\/index.php?rest_route=\/wp\/v2\/pages\/8\/revisions\/314"}],"wp:attachment":[{"href":"https:\/\/www.gitesdesdixvins.com\/index.php?rest_route=%2Fwp%2Fv2%2Fmedia&parent=8"}],"curies":[{"name":"wp","href":"https:\/\/api.w.org\/{rel}","templated":true}]}}